{"id":4939,"date":"2023-11-28T23:46:43","date_gmt":"2023-11-28T16:46:43","guid":{"rendered":"https:\/\/xuanson1102.site\/?page_id=4939"},"modified":"2023-11-28T23:51:26","modified_gmt":"2023-11-28T16:51:26","slug":"phau-thuat-tham-my-mat","status":"publish","type":"page","link":"https:\/\/hutmovaser.com\/en\/cosmetic-surgery-at-the-clinic\/eye-cosmetic-surgery\/","title":{"rendered":"Cosmetic surgery eyes"},"content":{"rendered":"<style>\/*! elementor - v3.17.0 - 08-11-2023 *\/\n.elementor-widget-image{text-align:center}.elementor-widget-image a{display:inline-block}.elementor-widget-image a img[src$=\".svg\"]{width:48px}.elementor-widget-image img{vertical-align:middle;display:inline-block}<\/style>\n<p>\t\t\t\t\t\t\t\t\t\t\t\t<img loading=\"lazy\" decoding=\"async\" width=\"1920\" height=\"600\" src=\"https:\/\/hutmovaser.com\/wp-content\/uploads\/2023\/11\/BannerMat.webp\" alt=\"\" srcset=\"https:\/\/hutmovaser.com\/wp-content\/uploads\/2023\/11\/BannerMat.webp 1920w, https:\/\/hutmovaser.com\/wp-content\/uploads\/2023\/11\/BannerMat-300x94.webp 300w, https:\/\/hutmovaser.com\/wp-content\/uploads\/2023\/11\/BannerMat-1024x320.webp 1024w, https:\/\/hutmovaser.com\/wp-content\/uploads\/2023\/11\/BannerMat-768x240.webp 768w, https:\/\/hutmovaser.com\/wp-content\/uploads\/2023\/11\/BannerMat-1536x480.webp 1536w\" sizes=\"auto, (max-width: 1920px) 100vw, 1920px\">\t\t\t\t\t\t\t\t\t\t\t\t\t\t\t<\/p>\n<h2>Eye plastic surgery<\/h2>\n<p>Restoring youthfulness to the skin around the eyes to have beautiful eyes is always the top concern of women when taking care of aging skin. So what methods are there to help limit and reduce wrinkles around the eyes - this extremely fragile and sensitive skin area.<\/p>\n<p>The skin under the eyes is always an area that needs special care and attention, because this is the area of \u200b\u200bskin on the face that most clearly shows our age and aging. Protecting this skin area with a healthy lifestyle and regimen combined with using specialized eye cream will help us protect and prolong the youthfulness of our eyes when we are young. However, when we reach the age when the signs of aging come knocking on the door, cosmetic intervention is a method that you should consider. Just choose the right treatment or method and a reputable cosmetic clinic to be able to regain 10 years of youth safely, giving you beautiful eyes quickly and effectively.<\/p>\n<h2>EYE COSMETIC SURGERY PROCEDURE<\/h2>\n<style>\/*! elementor - v3.17.0 - 08-11-2023 *\/\n.elementor-widget-image-box .elementor-image-box-content{width:100%}@media (min-width:768px){.elementor-widget-image-box.elementor-position-left .elementor-image-box-wrapper,.elementor-widget-image-box.elementor-position-right .elementor-image-box-wrapper{display:flex}.elementor-widget-image-box.elementor-position-right .elementor-image-box-wrapper{text-align:right;flex-direction:row-reverse}.elementor-widget-image-box.elementor-position-left .elementor-image-box-wrapper{text-align:left;flex-direction:row}.elementor-widget-image-box.elementor-position-top .elementor-image-box-img{margin:auto}.elementor-widget-image-box.elementor-vertical-align-top .elementor-image-box-wrapper{align-items:flex-start}.elementor-widget-image-box.elementor-vertical-align-middle .elementor-image-box-wrapper{align-items:center}.elementor-widget-image-box.elementor-vertical-align-bottom .elementor-image-box-wrapper{align-items:flex-end}}@media (max-width:767px){.elementor-widget-image-box .elementor-image-box-img{margin-left:auto!important;margin-right:auto!important;margin-bottom:15px}}.elementor-widget-image-box .elementor-image-box-img{display:inline-block}.elementor-widget-image-box .elementor-image-box-title a{color:inherit}.elementor-widget-image-box .elementor-image-box-wrapper{text-align:center}.elementor-widget-image-box .elementor-image-box-description{margin:0}<\/style>\n<figure><img loading=\"lazy\" decoding=\"async\" width=\"150\" height=\"150\" src=\"https:\/\/hutmovaser.com\/wp-content\/uploads\/2023\/11\/b1.webp\" alt=\"\"><\/figure>\n<h3>STEP 1<\/h3>\n<p>Doctor visits and advice<\/p>\n<figure><img loading=\"lazy\" decoding=\"async\" width=\"150\" height=\"150\" src=\"https:\/\/hutmovaser.com\/wp-content\/uploads\/2023\/11\/a2.webp\" alt=\"\"><\/figure>\n<h3>STEP 2<\/h3>\n<p>General health check<\/p>\n<figure><img loading=\"lazy\" decoding=\"async\" width=\"150\" height=\"150\" src=\"https:\/\/hutmovaser.com\/wp-content\/uploads\/2023\/11\/b3.webp\" alt=\"\"><\/figure>\n<h3>STEP 3<\/h3>\n<p>Measuring and drawing to define the eyelids<\/p>\n<figure><img loading=\"lazy\" decoding=\"async\" width=\"150\" height=\"150\" src=\"https:\/\/hutmovaser.com\/wp-content\/uploads\/2023\/11\/b4.webp\" alt=\"\"><\/figure>\n<h3>STEP 4<\/h3>\n<p>Local anesthetic<\/p>\n<figure><img loading=\"lazy\" decoding=\"async\" width=\"150\" height=\"150\" src=\"https:\/\/hutmovaser.com\/wp-content\/uploads\/2023\/11\/b5.webp\" alt=\"\"><\/figure>\n<h3>STEP 5<\/h3>\n<p>Proceed to cut the eyelids<\/p>\n<figure><img loading=\"lazy\" decoding=\"async\" width=\"150\" height=\"150\" src=\"https:\/\/hutmovaser.com\/wp-content\/uploads\/2023\/11\/b6.webp\" alt=\"\"><\/figure>\n<h3>STEP 6<\/h3>\n<p>Doctor visits and advice<\/p>\n<p><strong>POSTOPERATIVE CARE<\/strong><\/p>\n<p>No scratching, bumping or pressed into new areas do the surgery because they can cause bleeding, hematoma<\/p>\n<p>Change the bandage within 24h after surgery and complete rest 1 day after surgery<\/p>\n<p>Apply ice within the first 2 days after surgery to help reduce swelling. Should cover it with a towel face clean to avoid ice burn the skin.<\/p>\n<p>From day 4 onwards, warm pack to reduce swelling and bruising<\/p>\n<p>Customize the address, each of whom about 1 week after surgery will most swelling. The degree of swelling in each eye can be different and makes the eye look yet balanced. However, this phenomenon will gradually disappear<\/p>\n<p>Wipe the face with a soft towel until the cut only. After cutting only then can normal makeup<\/p>\n<p>Limit the active and avoid colliding directly around the eye area<\/p>\n<p>\t\t\t\t\t\t\t\t\t\t\t\t\t\t\t<img loading=\"lazy\" decoding=\"async\" width=\"1024\" height=\"753\" src=\"https:\/\/hutmovaser.com\/wp-content\/uploads\/2023\/11\/cham-soc-sau-mat-1024x753-1.webp\" alt=\"\" srcset=\"https:\/\/hutmovaser.com\/wp-content\/uploads\/2023\/11\/cham-soc-sau-mat-1024x753-1.webp 1024w, https:\/\/hutmovaser.com\/wp-content\/uploads\/2023\/11\/cham-soc-sau-mat-1024x753-1-300x221.webp 300w, https:\/\/hutmovaser.com\/wp-content\/uploads\/2023\/11\/cham-soc-sau-mat-1024x753-1-768x565.webp 768w\" sizes=\"auto, (max-width: 1024px) 100vw, 1024px\"><br \/>\n\t\tService<\/p>\n<p>Change your looks with the service of our<\/p>\n<p>\t\t\t\t\t<a href=\"\"><br \/>\n\t\t\t\t\t<\/a><br \/>\n\t\t\t\t\t<a href=\"\"><br \/>\n\t\t\t\t\t<\/a><\/p>","protected":false},"excerpt":{"rendered":"<p>PH\u1eaaU THU\u1eacT TH\u1ea8M M\u1ef8 M\u1eaeT L\u1ea5y l\u1ea1i v\u1ebb tr\u1ebb trung cho v\u00f9ng da quanh m\u1eaft \u0111\u1ec3 c\u00f3 \u0111\u01b0\u1ee3c m\u1ed9t \u0111\u00f4i m\u1eaft \u0111\u1eb9p lu\u00f4n l\u00e0 \u0111i\u1ec1u m\u00e0 ph\u00e1i \u0111\u1eb9p quan t\u00e2m h\u00e0ng \u0111\u1ea7u khi ch\u0103m s\u00f3c da \u0111ang b\u01b0\u1edbc v\u00e0o \u0111\u1ed9 tu\u1ed5i l\u00e3o h\u00f3a. V\u1eady c\u00f3 nh\u1eefng ph\u01b0\u01a1ng ph\u00e1p n\u00e0o gi\u00fap h\u1ea1n ch\u1ebf v\u00e0 l\u00e0m gi\u1ea3m<\/p>","protected":false},"author":1,"featured_media":0,"parent":4306,"menu_order":0,"comment_status":"closed","ping_status":"closed","template":"elementor_header_footer","meta":{"footnotes":""},"class_list":["post-4939","page","type-page","status-publish","hentry"],"_links":{"self":[{"href":"https:\/\/hutmovaser.com\/en\/wp-json\/wp\/v2\/pages\/4939","targetHints":{"allow":["GET"]}}],"collection":[{"href":"https:\/\/hutmovaser.com\/en\/wp-json\/wp\/v2\/pages"}],"about":[{"href":"https:\/\/hutmovaser.com\/en\/wp-json\/wp\/v2\/types\/page"}],"author":[{"embeddable":true,"href":"https:\/\/hutmovaser.com\/en\/wp-json\/wp\/v2\/users\/1"}],"replies":[{"embeddable":true,"href":"https:\/\/hutmovaser.com\/en\/wp-json\/wp\/v2\/comments?post=4939"}],"version-history":[{"count":0,"href":"https:\/\/hutmovaser.com\/en\/wp-json\/wp\/v2\/pages\/4939\/revisions"}],"up":[{"embeddable":true,"href":"https:\/\/hutmovaser.com\/en\/wp-json\/wp\/v2\/pages\/4306"}],"wp:attachment":[{"href":"https:\/\/hutmovaser.com\/en\/wp-json\/wp\/v2\/media?parent=4939"}],"curies":[{"name":"wp","href":"https:\/\/api.w.org\/{rel}","templated":true}]}}