{"id":4897,"date":"2025-05-28T23:34:00","date_gmt":"2025-05-28T16:34:00","guid":{"rendered":"https:\/\/xuanson1102.site\/?page_id=4897"},"modified":"2025-06-10T14:12:30","modified_gmt":"2025-06-10T07:12:30","slug":"hut-mo-bung","status":"publish","type":"page","link":"https:\/\/hutmovaser.com\/en\/cosmetic-surgery-at-hospital\/liposuction\/","title":{"rendered":"Cosmetic Surgery Abdominal Liposuction"},"content":{"rendered":"<style>\/*! elementor - v3.17.0 - 08-11-2023 *\/<br \/>.elementor-widget-image{text-align:center}.elementor-widget-image a{display:inline-block}.elementor-widget-image a img[src$=\".svg\"]{width:48px}.elementor-widget-image img{vertical-align:middle;display:inline-block}<\/style>\n<p><img loading=\"lazy\" decoding=\"async\" src=\"https:\/\/hutmovaser.com\/wp-content\/uploads\/2023\/11\/BannerBung-1.png\" sizes=\"auto, (max-width: 1920px) 100vw, 1920px\" srcset=\"https:\/\/hutmovaser.com\/wp-content\/uploads\/2023\/11\/BannerBung-1.png 1920w, https:\/\/hutmovaser.com\/wp-content\/uploads\/2023\/11\/BannerBung-1-300x94.png 300w, https:\/\/hutmovaser.com\/wp-content\/uploads\/2023\/11\/BannerBung-1-1024x320.png 1024w, https:\/\/hutmovaser.com\/wp-content\/uploads\/2023\/11\/BannerBung-1-768x240.png 768w, https:\/\/hutmovaser.com\/wp-content\/uploads\/2023\/11\/BannerBung-1-1536x480.png 1536w\" alt=\"\" width=\"1920\" height=\"600\"><\/p>\n<h2>Liposuction \u2013 The Solution to Get Back in Shape<\/h2>\n<p class=\"\" data-start=\"274\" data-end=\"727\">Nowadays, the need for beauty is no longer a privilege of any individual. The development of society, along with changes in thinking and aesthetic standards, has made the desire to have a balanced body and a slim waist become a legitimate goal for many people, especially postpartum women and sedentary office workers. Belly fat - the most stubborn type of fat - often makes many people lose confidence and a sense of control over themselves.<\/p>\n<p class=\"\" data-start=\"729\" data-end=\"1022\">In that context, liposuction has emerged as an effective, fast and safe solution if performed properly and in the right place. But is liposuction really as \"easy to breathe\" as rumored? Who should do it? Is it painful? How long does it take to recover? And especially: should you choose it or not? Let's <strong><a href=\"https:\/\/hutmovaser.com\/en\/\">hutmovaser<\/a> <\/strong>learn it all now<\/p>\n<p data-start=\"729\" data-end=\"1022\"><strong>Videos liposuction of the abdomen to create waist ants with technology vaser 360<\/strong><\/p>\n<p data-start=\"729\" data-end=\"1022\"><iframe loading=\"lazy\" title=\"YouTube video player\" src=\"https:\/\/www.youtube.com\/embed\/YwV7qkRy1WQ?si=2HgeKCrGobIM-P61&amp;controls=0&amp;start=8\" width=\"560\" height=\"315\" frameborder=\"0\" allowfullscreen=\"allowfullscreen\"><\/iframe><\/p>\n<h2 class=\"\" data-start=\"1029\" data-end=\"1054\">What is Abdominal liposuction?<\/h2>\n<p class=\"\" data-start=\"1056\" data-end=\"1404\">Abdominal liposuction is a cosmetic technique, medical use specialized equipment to remove direct excess fat accumulates under the skin of the abdomen. Not the same with your tummy tuck (abdominoplasty), which cut off all the excess skin and fat with stretching the muscles of the abdomen, liposuction focus on the removal of fat under the skin, through the straws super small, minimize invasive.<\/p>\n<p class=\"\" data-start=\"1406\" data-end=\"1487\"><strong>Modern technology<\/strong> have upgraded this method by the advanced techniques such as:<\/p>\n<ul>\n<li data-start=\"1490\" data-end=\"1556\"><strong data-start=\"1490\" data-end=\"1504\">VASER Lipo<\/strong>: use ultrasound to liquefy fat before smoking.<\/li>\n<li data-start=\"1559\" data-end=\"1658\"><strong data-start=\"1559\" data-end=\"1571\">Body Jet<\/strong>: application water pressure to separate grease a gentle manner, limiting damage to surrounding tissues.<\/li>\n<li data-start=\"1661\" data-end=\"1736\"><strong data-start=\"1661\" data-end=\"1675\">Lipo Laser<\/strong>: combination of laser energy to liquefy fat and tighten the skin.<\/li>\n<\/ul>\n<p class=\"\" data-start=\"1738\" data-end=\"1857\">Depending on body condition, personal goals, and specify your doctor, every person will fit in with a certain method.<\/p>\n<figure id=\"attachment_5329\" aria-describedby=\"caption-attachment-5329\" style=\"width: 800px\" class=\"wp-caption aligncenter\"><img loading=\"lazy\" decoding=\"async\" class=\"wp-image-5329 size-full\" src=\"https:\/\/hutmovaser.com\/wp-content\/uploads\/2023\/12\/hut-mo-bung-1.jpg\" alt=\"Introduction to the Service\" width=\"800\" height=\"500\" srcset=\"https:\/\/hutmovaser.com\/wp-content\/uploads\/2023\/12\/hut-mo-bung-1.jpg 800w, https:\/\/hutmovaser.com\/wp-content\/uploads\/2023\/12\/hut-mo-bung-1-300x188.jpg 300w, https:\/\/hutmovaser.com\/wp-content\/uploads\/2023\/12\/hut-mo-bung-1-768x480.jpg 768w\" sizes=\"auto, (max-width: 800px) 100vw, 800px\" \/><figcaption id=\"caption-attachment-5329\" class=\"wp-caption-text\"><em> Methods abdominal liposuction is effective solution to get rid of excess fat in the 2nd round quickly and conveniently<\/em><\/figcaption><\/figure>\n<h2 class=\"\" data-start=\"1864\" data-end=\"1914\">How does liposuction work?<\/h2>\n<p class=\"\" data-start=\"1916\" data-end=\"2073\">Despite being a minor surgery relatively gentle, but liposuction of the abdomen must still comply with the medical standards, to ensure absolute safety for the implementation:<\/p>\n<ol>\n<li data-start=\"2078\" data-end=\"2215\">Examination and health assessment general: the doctor will check the level of grease, skin elasticity and the related factors such as blood pressure, heart...<\/li>\n<li data-start=\"2219\" data-end=\"2378\">Consulting the suction and anesthesia\/anesthesia: doctor about the need to attract, given regimen match, then proceed premedication or anesthesia, depending on the technique and physical condition.<\/li>\n<li data-start=\"2382\" data-end=\"2540\">Conduct liposuction: doctor putting tube liposuction dedicated to the layer of fat under the skin through a small incision (~0,5\u20131cm), then perform the operation liquefied and liposuction out.<\/li>\n<li data-start=\"2544\" data-end=\"2661\">Follow post-surgery: the patient is resting and track 1-2 hours or stay in the hospital for 24 hours, depending on your level of liposuction.<\/li>\n<li data-start=\"2665\" data-end=\"2756\">Care at home: wear gen fixation, resting, adhere to the care instructions of your doctor.<\/li>\n<\/ol>\n<figure><img loading=\"lazy\" decoding=\"async\" src=\"https:\/\/hutmovaser.com\/wp-content\/uploads\/2023\/11\/t1.webp\" alt=\"\" width=\"150\" height=\"150\"><\/figure>\n<h3>STEP 1<\/h3>\n<p>Consultation and Measurement:<\/p>\n<figure><img loading=\"lazy\" decoding=\"async\" src=\"https:\/\/hutmovaser.com\/wp-content\/uploads\/2023\/11\/t2.webp\" alt=\"\" width=\"150\" height=\"150\"><\/figure>\n<h3>STEP 2<\/h3>\n<p>Health check<\/p>\n<figure><img loading=\"lazy\" decoding=\"async\" src=\"https:\/\/hutmovaser.com\/wp-content\/uploads\/2023\/11\/t3.webp\" alt=\"\" width=\"150\" height=\"150\"><\/figure>\n<h3>STEP 3<\/h3>\n<p>Mark the area adipose tissue<\/p>\n<figure><img loading=\"lazy\" decoding=\"async\" src=\"https:\/\/hutmovaser.com\/wp-content\/uploads\/2023\/11\/t4.webp\" alt=\"\" width=\"150\" height=\"150\"><\/figure>\n<h3>STEP 4<\/h3>\n<p>Proceed with liposuction at the hospital, at hospital standards, qualified to perform surgery Liposuction<\/p>\n<figure><img loading=\"lazy\" decoding=\"async\" src=\"https:\/\/hutmovaser.com\/wp-content\/uploads\/2023\/11\/t5.webp\" alt=\"\" width=\"150\" height=\"150\"><\/figure>\n<h3>STEP 5<\/h3>\n<p>Trim the abdominal skin after liposuction<\/p>\n<figure><img loading=\"lazy\" decoding=\"async\" src=\"https:\/\/hutmovaser.com\/wp-content\/uploads\/2023\/11\/t6.webp\" alt=\"\" width=\"150\" height=\"150\"><\/figure>\n<h3>STEP 6<\/h3>\n<p>Post-Operative Care: <strong>POSTOPERATIVE CARE<\/strong><\/p>\n<p><img loading=\"lazy\" decoding=\"async\" class=\"aligncenter\" src=\"https:\/\/hutmovaser.com\/wp-content\/uploads\/2023\/11\/cat-mo-bung.jpg.webp\" sizes=\"auto, (max-width: 1024px) 100vw, 1024px\" srcset=\"https:\/\/hutmovaser.com\/wp-content\/uploads\/2023\/11\/cat-mo-bung.jpg.webp 1024w, https:\/\/hutmovaser.com\/wp-content\/uploads\/2023\/11\/cat-mo-bung.jpg-300x200.webp 300w, https:\/\/hutmovaser.com\/wp-content\/uploads\/2023\/11\/cat-mo-bung.jpg-768x512.webp 768w\" alt=\"\" width=\"1024\" height=\"683\"><\/p>\n<p>&nbsp;<\/p>\n<p>&nbsp;<\/p>\n<h2 class=\"\" data-start=\"3388\" data-end=\"3428\">\u00a0Advantages and disadvantages of liposuction<\/h2>\n<h3 class=\"\" data-start=\"3430\" data-end=\"3442\">Advantages:<\/h3>\n<ul>\n<li data-start=\"3445\" data-end=\"3507\">Efficiency <strong data-start=\"3454\" data-end=\"3463\">fast<\/strong>: waist markedly improved only after 1-2 weeks.<\/li>\n<li data-start=\"3510\" data-end=\"3559\">No need for extreme dieting or strenuous workouts.<\/li>\n<li data-start=\"3562\" data-end=\"3626\">Less invasive <strong data-start=\"3574\" data-end=\"3585\">small scars<\/strong> and often concealed under the folds of the skin.<\/li>\n<li data-start=\"3629\" data-end=\"3696\">Can coordinate liposuction of the lower back, waist, hips to create an hourglass figure.<\/li>\n<\/ul>\n<h3 class=\"\" data-start=\"3698\" data-end=\"3710\">Disadvantages:<\/h3>\n<ul>\n<li data-start=\"3713\" data-end=\"3766\">This is not a weight-loss method body.<\/li>\n<li data-start=\"3769\" data-end=\"3821\">Need to dress genes in 1-2 months to a stable form in shape.<\/li>\n<li data-start=\"3824\" data-end=\"3897\">May experience swelling, bruising or mild seroma if care is not correct.<\/li>\n<\/ul>\n<p data-start=\"3904\" data-end=\"3942\"><strong>\u00a0The note after abdominal liposuction<\/strong><\/p>\n<p class=\"\" data-start=\"3944\" data-end=\"4026\">Postoperative big influence on the aesthetic result. Therefore, the implementation should:<\/p>\n<ul>\n<li data-start=\"4030\" data-end=\"4088\">Toilet incision in the right way, avoid damp in 3-5 days.<\/li>\n<li data-start=\"4091\" data-end=\"4126\">Medication, re-examination schedule an appointment.<\/li>\n<li data-start=\"4129\" data-end=\"4195\">Not strong motor, does not lie prone or sit sit too long.<\/li>\n<li data-start=\"4198\" data-end=\"4273\">Dress shape 24\/24 in 4-6 weeks, then wear day 2 more weeks.<\/li>\n<li data-start=\"4276\" data-end=\"4339\">Drink more water, eat more vegetables, limit sugar, animal fats.<\/li>\n<\/ul>\n<figure id=\"attachment_5330\" aria-describedby=\"caption-attachment-5330\" style=\"width: 800px\" class=\"wp-caption aligncenter\"><img loading=\"lazy\" decoding=\"async\" class=\"wp-image-5330 size-full\" src=\"https:\/\/hutmovaser.com\/wp-content\/uploads\/2023\/12\/hut-mo-bung-2.jpg\" alt=\"Benefits of the Service\" width=\"800\" height=\"600\" srcset=\"https:\/\/hutmovaser.com\/wp-content\/uploads\/2023\/12\/hut-mo-bung-2.jpg 800w, https:\/\/hutmovaser.com\/wp-content\/uploads\/2023\/12\/hut-mo-bung-2-300x225.jpg 300w, https:\/\/hutmovaser.com\/wp-content\/uploads\/2023\/12\/hut-mo-bung-2-768x576.jpg 768w\" sizes=\"auto, (max-width: 800px) 100vw, 800px\" \/><figcaption id=\"caption-attachment-5330\" class=\"wp-caption-text\"><em> Abdominal liposuction improves body weight<\/em><\/figcaption><\/figure>\n<h2 class=\"\" data-start=\"4722\" data-end=\"4761\">Cost of abdominal liposuction how much?<\/h2>\n<p class=\"\" data-start=\"4763\" data-end=\"4855\">Cost of performing liposuction of the abdomen in Vietnam is ranged from <strong data-start=\"4823\" data-end=\"4845\">25 \u2013 70 million<\/strong>depending on:<\/p>\n<ul>\n<li data-start=\"4858\" data-end=\"4873\">Scope of the grease<\/li>\n<li data-start=\"4876\" data-end=\"4892\">Technical use<\/li>\n<li data-start=\"4895\" data-end=\"4920\">Reputable and skilled doctor<\/li>\n<li data-start=\"4923\" data-end=\"4946\">Services postoperative comes<\/li>\n<\/ul>\n<p class=\"\" data-start=\"4948\" data-end=\"5093\">Note: don&#039;t cheap ham \u2013 by liposuction is a medical procedure, which should be done by specialist doctor black aesthetic at a licensed facility.<\/p>\n<h3 class=\"accordion_title\">FAQs<\/h3><div class=\"accordion\">\n\t<div id=\"accordion-756411763\" class=\"accordion-item\">\n\t\t<a id=\"accordion-756411763-label\" class=\"accordion-title plain\" href=\"#accordion-item- ai-n\u00ean-v\u00e0-kh\u00f4ng-n\u00ean-h\u00fat-m\u1ee1-b\u1ee5ng?\" aria-expanded=\"false\" aria-controls=\"accordion-756411763-content\" >\n\t\t\t<button class=\"toggle\" aria-label=\"Clinic Overview\"><i class=\"icon-angle-down\"><\/i><\/button>\n\t\t\t<span> Who should and should not abdominal liposuction?<\/span>\n\t\t<\/a>\n\t\t<div id=\"accordion-756411763-content\" class=\"accordion-inner\" aria-labelledby=\"accordion-756411763-label\" >\n\t\t\t\n<p class=\"\" data-start=\"2804\" data-end=\"2880\">Not everyone has belly fat can also liposuction. This method is suitable for:<\/p>\n<ul>\n<li>People have fat accumulation in the abdominal area, irregular, difficult to reduce by dieting or exercise.<\/li>\n<li>People whose skin is also good elasticity, helping skin shrink after liposuction.<\/li>\n<li>Healthy people not suffering from cardiovascular diseases, diabetes, severe or blood clotting disorders.<\/li>\n<\/ul>\n<p class=\"\" data-start=\"3117\" data-end=\"3162\">In contrast, abdominal liposuction does not fit:<\/p>\n<ul>\n<li>Who are pregnant or are breastfeeding.<\/li>\n<li>Who suffer from blood clotting disorders, unstable blood pressure.<\/li>\n<li>Bbw full body BMI is too high \u2013 in this case should be combined with lifestyle changes and nutritional tracking.<\/li>\n<\/ul>\n\t\t<\/div>\n\t<\/div>\n\t\n\t<div id=\"accordion-3451726320\" class=\"accordion-item\">\n\t\t<a id=\"accordion-3451726320-label\" class=\"accordion-title plain\" href=\"#accordion-item-h\u00fat-m\u1ee1-b\u1ee5ng-c\u00f3-\u0111au-v\u00e0-\u0111\u1ec3-l\u1ea1i-s\u1eb9o-kh\u00f4ng?\" aria-expanded=\"false\" aria-controls=\"accordion-3451726320-content\" >\n\t\t\t<button class=\"toggle\" aria-label=\"Clinic Overview\"><i class=\"icon-angle-down\"><\/i><\/button>\n\t\t\t<span>Liposuction of the abdomen there is pain and leaving a scar?<\/span>\n\t\t<\/a>\n\t\t<div id=\"accordion-3451726320-content\" class=\"accordion-inner\" aria-labelledby=\"accordion-3451726320-label\" >\n\t\t\t\n<p class=\"\" data-start=\"4395\" data-end=\"4466\">Fear of pain makes many people hesitate. However, practice shows that:<\/p>\n<ul>\n<li>The majority of patients only feel the pain instant light in 2-5 days early, easy to control by conventional painkillers.<\/li>\n<li>Very small incision (~0,5\u20131cm), which are hidden in the closed position as under the folds of the abdomen, bikini line... and usually fade after a few months if cared for properly.<\/li>\n<\/ul>\n\t\t<\/div>\n\t<\/div>\n\t\n\t<div id=\"accordion-952856647\" class=\"accordion-item\">\n\t\t<a id=\"accordion-952856647-label\" class=\"accordion-title plain\" href=\"#accordion-item-r\u1ee7i-ro-v\u00e0-bi\u1ebfn-ch\u1ee9ng-c\u00f3-th\u1ec3-g\u1eb7p?\" aria-expanded=\"false\" aria-controls=\"accordion-952856647-content\" >\n\t\t\t<button class=\"toggle\" aria-label=\"Clinic Overview\"><i class=\"icon-angle-down\"><\/i><\/button>\n\t\t\t<span>Risks and complications can join?<\/span>\n\t\t<\/a>\n\t\t<div id=\"accordion-952856647-content\" class=\"accordion-inner\" aria-labelledby=\"accordion-952856647-label\" >\n\t\t\t\n<p class=\"\" data-start=\"5140\" data-end=\"5218\">If the current basis is not guaranteed or care in a wrong way, can encounter:<\/p>\n<ul>\n<li data-start=\"5221\" data-end=\"5242\">Seroma, swelling lasts<\/li>\n<li data-start=\"5245\" data-end=\"5272\">Infection, cellulitis<\/li>\n<li data-start=\"5275\" data-end=\"5299\">Grease uneven skin convex and concave<\/li>\n<li data-start=\"5302\" data-end=\"5356\">More rare: embolization of arteries due to fatty complications of anesthesia<\/li>\n<\/ul>\n<p class=\"\" data-start=\"5358\" data-end=\"5427\">Therefore, <strong data-start=\"5372\" data-end=\"5427\">select the place of execution is the determining factor safety.<\/strong><\/p>\n\t\t<\/div>\n\t<\/div>\n\t\n<\/div>\n<p>&nbsp;<\/p>\n<h2 class=\"\" data-start=\"5434\" data-end=\"5466\">\u00a0Address liposuction of the abdomen credits<\/h2>\n<p class=\"\" data-start=\"5468\" data-end=\"5549\">In ho chi minh CITY.HCMC, Hanoi and the largest municipality, having more base standards, which highlights:<\/p>\n<ul>\n<li data-start=\"5552\" data-end=\"5636\"><a href=\"https:\/\/drnguyengiap.com\" rel=\"nofollow noopener\" target=\"_blank\"><strong>Aesthetic Dr. Nguyen Giap<\/strong><\/a>: lead in liposuction shaped 3D \u2013 technology south Korea.<\/li>\n<li data-start=\"5639\" data-end=\"5709\">Cosmetic hospital, Mind You: combined postoperative care standard of medicine.<\/li>\n<li data-start=\"5712\" data-end=\"5796\">The Beauty academy international south Vietnam: intensive non-surgical liposuction with Body Jet.<\/li>\n<li data-start=\"5799\" data-end=\"5879\">Salon Siam, Thailand: liposuction standard European technology, commitment to safety.<\/li>\n<\/ul>\n<h2 class=\"\" data-start=\"5886\" data-end=\"5933\">Conclusion<\/h2>\n<p class=\"\" data-start=\"5935\" data-end=\"6248\">Abdominal liposuction is not merely \u201cget back waist slim\u201d, but also a shift in the control of body and personal pictures. But the most important thing, aren&#039;t you liposuction how much that is you&#039;ve really understood his body to where \u2013 to choose the right method, right doctor and the right time.<\/p>\n<p class=\"\" data-start=\"6250\" data-end=\"6334\">See aesthetic is an investment \u2013 seriously, science, and worthy of himself.<\/p>\n<h2><b>Actual Results Achieved<\/b><\/h2>\n<p><img loading=\"lazy\" decoding=\"async\" class=\"size-full wp-image-5331 aligncenter\" src=\"https:\/\/hutmovaser.com\/wp-content\/uploads\/2023\/12\/hut-mo-bung-3.jpg\" alt=\"Actual Results Achieved\" width=\"800\" height=\"500\" srcset=\"https:\/\/hutmovaser.com\/wp-content\/uploads\/2023\/12\/hut-mo-bung-3.jpg 800w, https:\/\/hutmovaser.com\/wp-content\/uploads\/2023\/12\/hut-mo-bung-3-300x188.jpg 300w, https:\/\/hutmovaser.com\/wp-content\/uploads\/2023\/12\/hut-mo-bung-3-768x480.jpg 768w\" sizes=\"auto, (max-width: 800px) 100vw, 800px\" \/> \u00a0 <img loading=\"lazy\" decoding=\"async\" class=\"size-full wp-image-5332 aligncenter\" src=\"https:\/\/hutmovaser.com\/wp-content\/uploads\/2023\/12\/hut-mo-bung-4.jpg\" alt=\"Actual Results Achieved\" width=\"800\" height=\"500\" srcset=\"https:\/\/hutmovaser.com\/wp-content\/uploads\/2023\/12\/hut-mo-bung-4.jpg 800w, https:\/\/hutmovaser.com\/wp-content\/uploads\/2023\/12\/hut-mo-bung-4-300x188.jpg 300w, https:\/\/hutmovaser.com\/wp-content\/uploads\/2023\/12\/hut-mo-bung-4-768x480.jpg 768w\" sizes=\"auto, (max-width: 800px) 100vw, 800px\" \/> \u00a0 <img loading=\"lazy\" decoding=\"async\" class=\"size-full wp-image-5333 aligncenter\" src=\"https:\/\/hutmovaser.com\/wp-content\/uploads\/2023\/12\/hut-mo-bung-5.jpg\" alt=\"Actual Results Achieved\" width=\"800\" height=\"500\" srcset=\"https:\/\/hutmovaser.com\/wp-content\/uploads\/2023\/12\/hut-mo-bung-5.jpg 800w, https:\/\/hutmovaser.com\/wp-content\/uploads\/2023\/12\/hut-mo-bung-5-300x188.jpg 300w, https:\/\/hutmovaser.com\/wp-content\/uploads\/2023\/12\/hut-mo-bung-5-768x480.jpg 768w\" sizes=\"auto, (max-width: 800px) 100vw, 800px\" \/><\/p>\n<p>&nbsp;<\/p>","protected":false},"excerpt":{"rendered":"<p>Ph\u1eabu Thu\u1eadt H\u00fat M\u1ee1 B\u1ee5ng &#8211; Gi\u1ea3i Ph\u00e1p L\u1ea5y L\u1ea1i V\u00f3c D\u00e1ng Thon G\u1ecdn Th\u1eddi \u0111\u1ea1i hi\u1ec7n nay, nhu c\u1ea7u l\u00e0m \u0111\u1eb9p kh\u00f4ng c\u00f2n l\u00e0 \u0111\u1eb7c quy\u1ec1n c\u1ee7a ri\u00eang ai. S\u1ef1 ph\u00e1t tri\u1ec3n c\u1ee7a x\u00e3 h\u1ed9i, c\u00f9ng v\u1edbi s\u1ef1 thay \u0111\u1ed5i v\u1ec1 t\u01b0 duy v\u00e0 chu\u1ea9n m\u1ef1c th\u1ea9m m\u1ef9, \u0111\u00e3 khi\u1ebfn cho mong mu\u1ed1n s\u1edf<\/p>","protected":false},"author":1,"featured_media":9933,"parent":4308,"menu_order":0,"comment_status":"closed","ping_status":"closed","template":"page-blank-title-center.php","meta":{"footnotes":""},"class_list":["post-4897","page","type-page","status-publish","has-post-thumbnail","hentry"],"_links":{"self":[{"href":"https:\/\/hutmovaser.com\/en\/wp-json\/wp\/v2\/pages\/4897","targetHints":{"allow":["GET"]}}],"collection":[{"href":"https:\/\/hutmovaser.com\/en\/wp-json\/wp\/v2\/pages"}],"about":[{"href":"https:\/\/hutmovaser.com\/en\/wp-json\/wp\/v2\/types\/page"}],"author":[{"embeddable":true,"href":"https:\/\/hutmovaser.com\/en\/wp-json\/wp\/v2\/users\/1"}],"replies":[{"embeddable":true,"href":"https:\/\/hutmovaser.com\/en\/wp-json\/wp\/v2\/comments?post=4897"}],"version-history":[{"count":13,"href":"https:\/\/hutmovaser.com\/en\/wp-json\/wp\/v2\/pages\/4897\/revisions"}],"predecessor-version":[{"id":10020,"href":"https:\/\/hutmovaser.com\/en\/wp-json\/wp\/v2\/pages\/4897\/revisions\/10020"}],"up":[{"embeddable":true,"href":"https:\/\/hutmovaser.com\/en\/wp-json\/wp\/v2\/pages\/4308"}],"wp:featuredmedia":[{"embeddable":true,"href":"https:\/\/hutmovaser.com\/en\/wp-json\/wp\/v2\/media\/9933"}],"wp:attachment":[{"href":"https:\/\/hutmovaser.com\/en\/wp-json\/wp\/v2\/media?parent=4897"}],"curies":[{"name":"wp","href":"https:\/\/api.w.org\/{rel}","templated":true}]}}